{"id":2,"date":"2026-01-11T13:36:36","date_gmt":"2026-01-11T13:36:36","guid":{"rendered":"http:\/\/marchedeyopougon.fr\/?page_id=2"},"modified":"2026-03-21T23:53:40","modified_gmt":"2026-03-21T23:53:40","slug":"epicerie-africaine-montauban","status":"publish","type":"page","link":"https:\/\/marchedeyopougon.fr\/","title":{"rendered":"Le march\u00e9 de Yopougon, \u00e9picerie africaine et exotique \u00e0 Montauban"},"content":{"rendered":"\n<p>\u2728 <strong>Bienvenue au March\u00e9 de Yopougon, votre \u00e9picerie exotique africaine \u00e0 Montauban et boutique de cosm\u00e9tiques<\/strong> \u2728<br>Destination incontournable \u00e0 <strong>Montauban<\/strong> pour d\u00e9couvrir les <strong>saveurs exotiques africaines <\/strong>ainsi que les produits de beaut\u00e9 adapt\u00e9s \u00e0 tous types de peaux et de cheveux. Depuis 2021, Line vous accueille avec le sourire et vous accompagne avec des conseils personnalis\u00e9s pour vous faire vivre une v\u00e9ritable exp\u00e9rience africaine.<\/p>\n\n\n\n<p>\ud83c\udf3f <strong>Envie de cuisiner africain \u00e0 Montauban ?<\/strong><br>D\u00e9couvrez notre s\u00e9lection de <strong>produits exotiques <\/strong>: l\u00e9gumes, tubercules, feuilles, \u00e9pices et ingr\u00e9dients essentiels pour r\u00e9ussir vos plats traditionnels riches en go\u00fbt et en authenticit\u00e9.<\/p>\n\n\n\n<p>\ud83d\udc84 <strong>Envie de prendre soin de vous ?<\/strong><br>Explorez notre gamme de <strong>cosm\u00e9tiques et accessoires capilaires<\/strong>  et profitez de conseils adapt\u00e9s pour r\u00e9v\u00e9ler votre beaut\u00e9 naturelle.<\/p>\n\n\n\n<hr class=\"wp-block-separator has-alpha-channel-opacity\"\/>\n\n\n\n<p>\u2728 <strong>Nous vous attendons avec plaisir en boutique \u00e0 Montauban !<\/strong><\/p>\n\n\n\n<p><\/p>\n","protected":false},"excerpt":{"rendered":"<p>\u2728 Bienvenue au March\u00e9 de Yopougon, votre \u00e9picerie exotique africaine \u00e0 Montauban et boutique de cosm\u00e9tiques \u2728Destination incontournable \u00e0 Montauban pour d\u00e9couvrir les saveurs exotiques africaines ainsi que les produits de beaut\u00e9 adapt\u00e9s \u00e0 tous types de peaux et de cheveux. Depuis 2021, Line vous accueille avec le sourire et vous accompagne avec des conseils<\/p>\n<p class=\"more-link\"><a href=\"https:\/\/marchedeyopougon.fr\/\" class=\"themebutton2\">READ MORE<\/a><\/p>\n","protected":false},"author":1,"featured_media":0,"parent":0,"menu_order":0,"comment_status":"closed","ping_status":"closed","template":"","meta":{"footnotes":""},"class_list":["post-2","page","type-page","status-publish","hentry"],"yoast_head":"<!-- This site is optimized with the Yoast SEO plugin v27.0 - https:\/\/yoast.com\/product\/yoast-seo-wordpress\/ -->\n<title>Le march\u00e9 de Yopougon, \u00e9picerie africaine et exotique \u00e0 Montauban - Le march\u00e9 de Yopougon<\/title>\n<meta name=\"description\" content=\"\u00c9picerie exotique africaine \u00e0 Montauban : produits africains, l\u00e9gumes, \u00e9pices et cosm\u00e9tiques. Qualit\u00e9, authenticit\u00e9 et conseils.\" \/>\n<meta name=\"robots\" content=\"index, follow, max-snippet:-1, max-image-preview:large, max-video-preview:-1\" \/>\n<link rel=\"canonical\" href=\"https:\/\/marchedeyopougon.fr\/\" \/>\n<meta property=\"og:locale\" content=\"en_US\" \/>\n<meta property=\"og:type\" content=\"article\" \/>\n<meta property=\"og:title\" content=\"Le march\u00e9 de Yopougon, \u00e9picerie africaine et exotique \u00e0 Montauban - Le march\u00e9 de Yopougon\" \/>\n<meta property=\"og:description\" content=\"\u00c9picerie exotique africaine \u00e0 Montauban : produits africains, l\u00e9gumes, \u00e9pices et cosm\u00e9tiques. Qualit\u00e9, authenticit\u00e9 et conseils.\" \/>\n<meta property=\"og:url\" content=\"https:\/\/marchedeyopougon.fr\/\" \/>\n<meta property=\"og:site_name\" content=\"Le march\u00e9 de Yopougon\" \/>\n<meta property=\"article:publisher\" content=\"https:\/\/www.facebook.com\/p\/Le-march-de-Yopougon-100075951916512\/?locale=fr_FR\" \/>\n<meta property=\"article:modified_time\" content=\"2026-03-21T23:53:40+00:00\" \/>\n<meta name=\"twitter:card\" content=\"summary_large_image\" \/>\n<meta name=\"twitter:label1\" content=\"Est. reading time\" \/>\n\t<meta name=\"twitter:data1\" content=\"1 minute\" \/>\n<script type=\"application\/ld+json\" class=\"yoast-schema-graph\">{\"@context\":\"https:\/\/schema.org\",\"@graph\":[{\"@type\":\"WebPage\",\"@id\":\"https:\/\/marchedeyopougon.fr\/\",\"url\":\"https:\/\/marchedeyopougon.fr\/\",\"name\":\"Le march\u00e9 de Yopougon, \u00e9picerie africaine et exotique \u00e0 Montauban - Le march\u00e9 de Yopougon\",\"isPartOf\":{\"@id\":\"https:\/\/marchedeyopougon.fr\/#website\"},\"datePublished\":\"2026-01-11T13:36:36+00:00\",\"dateModified\":\"2026-03-21T23:53:40+00:00\",\"description\":\"\u00c9picerie exotique africaine \u00e0 Montauban : produits africains, l\u00e9gumes, \u00e9pices et cosm\u00e9tiques. Qualit\u00e9, authenticit\u00e9 et conseils.\",\"breadcrumb\":{\"@id\":\"https:\/\/marchedeyopougon.fr\/#breadcrumb\"},\"inLanguage\":\"en-US\",\"potentialAction\":[{\"@type\":\"ReadAction\",\"target\":[\"https:\/\/marchedeyopougon.fr\/\"]}]},{\"@type\":\"BreadcrumbList\",\"@id\":\"https:\/\/marchedeyopougon.fr\/#breadcrumb\",\"itemListElement\":[{\"@type\":\"ListItem\",\"position\":1,\"name\":\"Home\",\"item\":\"https:\/\/marchedeyopougon.fr\/\"},{\"@type\":\"ListItem\",\"position\":2,\"name\":\"Le march\u00e9 de Yopougon, \u00e9picerie africaine et exotique \u00e0 Montauban\"}]},{\"@type\":\"WebSite\",\"@id\":\"https:\/\/marchedeyopougon.fr\/#website\",\"url\":\"https:\/\/marchedeyopougon.fr\/\",\"name\":\"Le march\u00e9 de Yopougon\",\"description\":\"Epicerie exotique et beaut\u00e9 africaine \u00e0 Montauban\",\"potentialAction\":[{\"@type\":\"SearchAction\",\"target\":{\"@type\":\"EntryPoint\",\"urlTemplate\":\"https:\/\/marchedeyopougon.fr\/?s={search_term_string}\"},\"query-input\":{\"@type\":\"PropertyValueSpecification\",\"valueRequired\":true,\"valueName\":\"search_term_string\"}}],\"inLanguage\":\"en-US\"}]}<\/script>\n<!-- \/ Yoast SEO plugin. -->","yoast_head_json":{"title":"Le march\u00e9 de Yopougon, \u00e9picerie africaine et exotique \u00e0 Montauban - Le march\u00e9 de Yopougon","description":"\u00c9picerie exotique africaine \u00e0 Montauban : produits africains, l\u00e9gumes, \u00e9pices et cosm\u00e9tiques. Qualit\u00e9, authenticit\u00e9 et conseils.","robots":{"index":"index","follow":"follow","max-snippet":"max-snippet:-1","max-image-preview":"max-image-preview:large","max-video-preview":"max-video-preview:-1"},"canonical":"https:\/\/marchedeyopougon.fr\/","og_locale":"en_US","og_type":"article","og_title":"Le march\u00e9 de Yopougon, \u00e9picerie africaine et exotique \u00e0 Montauban - Le march\u00e9 de Yopougon","og_description":"\u00c9picerie exotique africaine \u00e0 Montauban : produits africains, l\u00e9gumes, \u00e9pices et cosm\u00e9tiques. Qualit\u00e9, authenticit\u00e9 et conseils.","og_url":"https:\/\/marchedeyopougon.fr\/","og_site_name":"Le march\u00e9 de Yopougon","article_publisher":"https:\/\/www.facebook.com\/p\/Le-march-de-Yopougon-100075951916512\/?locale=fr_FR","article_modified_time":"2026-03-21T23:53:40+00:00","twitter_card":"summary_large_image","twitter_misc":{"Est. reading time":"1 minute"},"schema":{"@context":"https:\/\/schema.org","@graph":[{"@type":"WebPage","@id":"https:\/\/marchedeyopougon.fr\/","url":"https:\/\/marchedeyopougon.fr\/","name":"Le march\u00e9 de Yopougon, \u00e9picerie africaine et exotique \u00e0 Montauban - Le march\u00e9 de Yopougon","isPartOf":{"@id":"https:\/\/marchedeyopougon.fr\/#website"},"datePublished":"2026-01-11T13:36:36+00:00","dateModified":"2026-03-21T23:53:40+00:00","description":"\u00c9picerie exotique africaine \u00e0 Montauban : produits africains, l\u00e9gumes, \u00e9pices et cosm\u00e9tiques. Qualit\u00e9, authenticit\u00e9 et conseils.","breadcrumb":{"@id":"https:\/\/marchedeyopougon.fr\/#breadcrumb"},"inLanguage":"en-US","potentialAction":[{"@type":"ReadAction","target":["https:\/\/marchedeyopougon.fr\/"]}]},{"@type":"BreadcrumbList","@id":"https:\/\/marchedeyopougon.fr\/#breadcrumb","itemListElement":[{"@type":"ListItem","position":1,"name":"Home","item":"https:\/\/marchedeyopougon.fr\/"},{"@type":"ListItem","position":2,"name":"Le march\u00e9 de Yopougon, \u00e9picerie africaine et exotique \u00e0 Montauban"}]},{"@type":"WebSite","@id":"https:\/\/marchedeyopougon.fr\/#website","url":"https:\/\/marchedeyopougon.fr\/","name":"Le march\u00e9 de Yopougon","description":"Epicerie exotique et beaut\u00e9 africaine \u00e0 Montauban","potentialAction":[{"@type":"SearchAction","target":{"@type":"EntryPoint","urlTemplate":"https:\/\/marchedeyopougon.fr\/?s={search_term_string}"},"query-input":{"@type":"PropertyValueSpecification","valueRequired":true,"valueName":"search_term_string"}}],"inLanguage":"en-US"}]}},"_links":{"self":[{"href":"https:\/\/marchedeyopougon.fr\/index.php\/wp-json\/wp\/v2\/pages\/2","targetHints":{"allow":["GET"]}}],"collection":[{"href":"https:\/\/marchedeyopougon.fr\/index.php\/wp-json\/wp\/v2\/pages"}],"about":[{"href":"https:\/\/marchedeyopougon.fr\/index.php\/wp-json\/wp\/v2\/types\/page"}],"author":[{"embeddable":true,"href":"https:\/\/marchedeyopougon.fr\/index.php\/wp-json\/wp\/v2\/users\/1"}],"replies":[{"embeddable":true,"href":"https:\/\/marchedeyopougon.fr\/index.php\/wp-json\/wp\/v2\/comments?post=2"}],"version-history":[{"count":12,"href":"https:\/\/marchedeyopougon.fr\/index.php\/wp-json\/wp\/v2\/pages\/2\/revisions"}],"predecessor-version":[{"id":389,"href":"https:\/\/marchedeyopougon.fr\/index.php\/wp-json\/wp\/v2\/pages\/2\/revisions\/389"}],"wp:attachment":[{"href":"https:\/\/marchedeyopougon.fr\/index.php\/wp-json\/wp\/v2\/media?parent=2"}],"curies":[{"name":"wp","href":"https:\/\/api.w.org\/{rel}","templated":true}]}}